{"id":131,"date":"2023-03-01T09:27:08","date_gmt":"2023-03-01T09:27:08","guid":{"rendered":"https:\/\/firstframe.qodeinteractive.com\/?page_id=131"},"modified":"2024-07-01T14:26:52","modified_gmt":"2024-07-01T14:26:52","slug":"portfolio-standard","status":"publish","type":"page","link":"https:\/\/www.voltage-panama.com\/en\/portfolio-standard\/","title":{"rendered":"TRABAJO"},"content":{"rendered":"<div data-elementor-type=\"wp-page\" data-elementor-id=\"131\" class=\"elementor elementor-131\">\n\t\t\t\t\t\t<section class=\"elementor-section elementor-top-section elementor-element elementor-element-c0df42d elementor-section-full_width qodef-elementor-content-grid qodef-extended-grid qodef-extended-grid--right elementor-section-height-default elementor-section-height-default\" data-id=\"c0df42d\" data-element_type=\"section\">\n\t\t\t\t\t\t<div class=\"elementor-container elementor-column-gap-default\">\n\t\t\t\t\t<div class=\"elementor-column elementor-col-50 elementor-top-column elementor-element elementor-element-eb530e7\" data-id=\"eb530e7\" data-element_type=\"column\">\n\t\t\t<div class=\"elementor-widget-wrap elementor-element-populated\">\n\t\t\t\t\n\t\t<div class=\"elementor-element elementor-element-87d0983 elementor-widget elementor-widget-firstframe_core_section_title\" data-id=\"87d0983\" data-element_type=\"widget\" data-widget_type=\"firstframe_core_section_title.default\">\n\t\t\t\t<div class=\"elementor-widget-container\">\n\t\t\t<div class=\"qodef-shortcode qodef-m  qodef-section-title qodef-alignment--left\">\n\t\t<h1 class=\"qodef-m-title\" >\n\t\t\t\t\tPortfolio\t\t\t<\/h1>\n\t<\/div>\n\t\t<\/div>\n\t\t\t\t<\/div>\n\t\t\t\t<div class=\"elementor-element elementor-element-8f56b8c elementor-widget elementor-widget-firstframe_core_icon_with_text\" data-id=\"8f56b8c\" data-element_type=\"widget\" data-widget_type=\"firstframe_core_icon_with_text.default\">\n\t\t\t\t<div class=\"elementor-widget-container\">\n\t\t\t<div class=\"qodef-shortcode qodef-m  qodef-icon-with-text qodef-layout--before-content qodef--custom-icon\">\n\t<div class=\"qodef-m-icon-wrapper\" >\n\t\t\t<\/div>\n\t<div class=\"qodef-m-content\">\n\t\t\t\t\t\t\t\t\t<p class=\"qodef-m-text\" style=\"margin-top: -7px\">Production wise, Panama still is the best kept secret of the international film world. <\/p>\n\t\t\t<\/div>\n<\/div>\n\t\t<\/div>\n\t\t\t\t<\/div>\n\t\t\t\t<div class=\"elementor-element elementor-element-0b0d3e3 elementor-widget elementor-widget-firstframe_core_icon_with_text\" data-id=\"0b0d3e3\" data-element_type=\"widget\" data-widget_type=\"firstframe_core_icon_with_text.default\">\n\t\t\t\t<div class=\"elementor-widget-container\">\n\t\t\t<div class=\"qodef-shortcode qodef-m  qodef-icon-with-text qodef-layout--before-content qodef--custom-icon\">\n\t<div class=\"qodef-m-icon-wrapper\" >\n\t\t\t<\/div>\n\t<div class=\"qodef-m-content\">\n\t\t\t\t\t\t\t\t\t<p class=\"qodef-m-text\" style=\"margin-top: -7px\">All kinds of films have been done here successfully, with efficient local crews and equipment. Other bigger Latin countries sometimes can\u2019t compete with us in terms of costs and accessibility. <\/p>\n\t\t\t<\/div>\n<\/div>\n\t\t<\/div>\n\t\t\t\t<\/div>\n\t\t\t\t<div class=\"elementor-element elementor-element-1b4adac elementor-widget elementor-widget-firstframe_core_icon_with_text\" data-id=\"1b4adac\" data-element_type=\"widget\" data-widget_type=\"firstframe_core_icon_with_text.default\">\n\t\t\t\t<div class=\"elementor-widget-container\">\n\t\t\t<div class=\"qodef-shortcode qodef-m  qodef-icon-with-text qodef-layout--before-content qodef--custom-icon\">\n\t<div class=\"qodef-m-icon-wrapper\" >\n\t\t\t<\/div>\n\t<div class=\"qodef-m-content\">\n\t\t\t\t\t\t\t\t\t<p class=\"qodef-m-text\" style=\"margin-top: -7px\">These are just some of Voltage\u2019s top productions for local and international advertising agencies. <\/p>\n\t\t\t<\/div>\n<\/div>\n\t\t<\/div>\n\t\t\t\t<\/div>\n\t\t\t\t\t<\/div>\n\t\t<\/div>\n\t\t\t\t<div class=\"elementor-column elementor-col-50 elementor-top-column elementor-element elementor-element-365fb35\" data-id=\"365fb35\" data-element_type=\"column\">\n\t\t\t<div class=\"elementor-widget-wrap\">\n\t\t\t\t\t\t\t<\/div>\n\t\t<\/div>\n\t\t\t\t\t<\/div>\n\t\t<\/section>\n\t\t\t\t<section class=\"elementor-section elementor-top-section elementor-element elementor-element-e8f8062 elementor-section-full_width elementor-section-height-default elementor-section-height-default qodef-elementor-image-no\" data-id=\"e8f8062\" data-element_type=\"section\">\n\t\t\t\t\t\t<div class=\"elementor-container elementor-column-gap-default\">\n\t\t\t\t\t<div class=\"elementor-column elementor-col-100 elementor-top-column elementor-element elementor-element-351b6db\" data-id=\"351b6db\" data-element_type=\"column\">\n\t\t\t<div class=\"elementor-widget-wrap elementor-element-populated\">\n\t\t\t\t\t\t<div class=\"elementor-element elementor-element-a45e560 elementor-widget elementor-widget-firstframe_core_portfolio_list\" data-id=\"a45e560\" data-element_type=\"widget\" data-widget_type=\"firstframe_core_portfolio_list.default\">\n\t\t\t\t<div class=\"elementor-widget-container\">\n\t\t\t<div class=\"qodef-shortcode qodef-m  qodef-portfolio-list qodef-item-layout--info-on-hover    qodef--borders-between qodef-grid qodef-layout--columns    qodef-col-num--3 qodef-item-layout--info-on-hover qodef-pagination--off qodef-responsive--custom qodef-col-num--1440--3 qodef-col-num--1366--3 qodef-col-num--1024--1 qodef-col-num--768--1 qodef-col-num--680--1 qodef-col-num--480--1 qodef-hover-animation--fade-in\" data-options=\"{&quot;plugin&quot;:&quot;firstframe_core&quot;,&quot;module&quot;:&quot;post-types\\\/portfolio\\\/shortcodes&quot;,&quot;shortcode&quot;:&quot;portfolio-list&quot;,&quot;post_type&quot;:&quot;portfolio-item&quot;,&quot;next_page&quot;:&quot;2&quot;,&quot;max_pages_num&quot;:2,&quot;behavior&quot;:&quot;columns&quot;,&quot;images_proportion&quot;:&quot;full&quot;,&quot;columns&quot;:&quot;3&quot;,&quot;columns_responsive&quot;:&quot;custom&quot;,&quot;columns_1440&quot;:&quot;3&quot;,&quot;columns_1366&quot;:&quot;3&quot;,&quot;columns_1024&quot;:&quot;1&quot;,&quot;columns_768&quot;:&quot;1&quot;,&quot;columns_680&quot;:&quot;1&quot;,&quot;columns_480&quot;:&quot;1&quot;,&quot;posts_per_page&quot;:&quot;9&quot;,&quot;orderby&quot;:&quot;date&quot;,&quot;order&quot;:&quot;ASC&quot;,&quot;additional_params&quot;:&quot;tax&quot;,&quot;tax&quot;:&quot;portfolio-category&quot;,&quot;tax_slug&quot;:&quot;Portafolio&quot;,&quot;layout&quot;:&quot;info-on-hover&quot;,&quot;hover_animation_info-below&quot;:&quot;overlay&quot;,&quot;hover_animation_info-on-hover&quot;:&quot;fade-in&quot;,&quot;title_tag&quot;:&quot;h5&quot;,&quot;custom_margin&quot;:&quot;no&quot;,&quot;play_button&quot;:&quot;no&quot;,&quot;hide_info&quot;:&quot;no&quot;,&quot;is_related&quot;:&quot;false&quot;,&quot;border_between&quot;:&quot;yes&quot;,&quot;pagination_type&quot;:&quot;no-pagination&quot;,&quot;object_class_name&quot;:&quot;FirstFrameCore_Portfolio_List_Shortcode&quot;,&quot;taxonomy_filter&quot;:&quot;portfolio-category&quot;,&quot;additional_query_args&quot;:{&quot;tax_query&quot;:[{&quot;taxonomy&quot;:&quot;portfolio-category&quot;,&quot;field&quot;:&quot;slug&quot;,&quot;terms&quot;:&quot;Portafolio&quot;}]}}\">\n\t\t<div class=\"qodef-grid-inner\">\n\t\t<article class=\"qodef-e qodef-grid-item qodef-item--full post-676 portfolio-item type-portfolio-item status-publish has-post-thumbnail hentry portfolio-category-portafolio\">\n\t<div class=\"qodef-e-inner\" >\n\t\t<div class=\"qodef-e-media\">\n\t\t\t\t<div class=\"qodef-e-media-image\">\n\t\t\t\t\t\t\t<a itemprop=\"url\" href=\"https:\/\/www.voltage-panama.com\/en\/portfolio-item\/cerveza-panama\/\" target=\"_self\">\n\t\t\t\t<img fetchpriority=\"high\" decoding=\"async\" width=\"960\" height=\"600\" src=\"https:\/\/www.voltage-panama.com\/wp-content\/uploads\/2023\/03\/Cerveza-Panama-3-960X600.jpg\" class=\"attachment-full size-full wp-post-image\" alt=\"\" srcset=\"https:\/\/www.voltage-panama.com\/wp-content\/uploads\/2023\/03\/Cerveza-Panama-3-960X600.jpg 960w, https:\/\/www.voltage-panama.com\/wp-content\/uploads\/2023\/03\/Cerveza-Panama-3-960X600-300x188.jpg 300w, https:\/\/www.voltage-panama.com\/wp-content\/uploads\/2023\/03\/Cerveza-Panama-3-960X600-768x480.jpg 768w, https:\/\/www.voltage-panama.com\/wp-content\/uploads\/2023\/03\/Cerveza-Panama-3-960X600-600x375.jpg 600w\" sizes=\"(max-width: 960px) 100vw, 960px\" \/>\t\t\t<\/a>\n\t\t\t<\/div>\n\t\t<\/div>\n\t\t<div class=\"qodef-e-content\">\n\t\t\t<div class=\"qodef-e-text\">\n\t\t\t\t<h5 itemprop=\"name\" class=\"qodef-e-title entry-title\" >\n\t<a itemprop=\"url\" class=\"qodef-e-title-link\" href=\"https:\/\/www.voltage-panama.com\/en\/portfolio-item\/cerveza-panama\/\" target=\"_self\">\n\t\tCerveza Panam\u00e1 &#8211; Bookea tu verano\t<\/a>\n<\/h5>\n\t\t\t<\/div>\n\t\t\t<div class=\"qodef-e-bottom-holder\">\n\t\t\t\t<div class=\"qodef-e-info\">\n\t\t\t\t\t\t<a href=\"https:\/\/www.voltage-panama.com\/en\/portfolio-category\/portafolio\/\" rel=\"tag\">Portafolio<\/a>\t<div class=\"qodef-info-separator-end\"><\/div>\n\t\t\t\t<\/div>\n\t\t\t<\/div>\n\t\t<\/div>\n\t\t<a itemprop=\"url\" class=\"qodef-e-post-link\" href=\"https:\/\/www.voltage-panama.com\/en\/portfolio-item\/cerveza-panama\/\" target=\"_self\"><\/a>\n\t<\/div>\n<\/article>\n<article class=\"qodef-e qodef-grid-item qodef-item--full post-107 portfolio-item type-portfolio-item status-publish has-post-thumbnail hentry portfolio-category-portafolio\">\n\t<div class=\"qodef-e-inner\" >\n\t\t<div class=\"qodef-e-media\">\n\t\t\t\t<div class=\"qodef-e-media-image\">\n\t\t\t\t\t\t\t<a itemprop=\"url\" href=\"https:\/\/www.voltage-panama.com\/en\/portfolio-item\/bahia-motors\/\" target=\"_self\">\n\t\t\t\t<img decoding=\"async\" width=\"960\" height=\"600\" src=\"https:\/\/www.voltage-panama.com\/wp-content\/uploads\/2023\/02\/Geely-2024.jpg\" class=\"attachment-full size-full wp-post-image\" alt=\"\" srcset=\"https:\/\/www.voltage-panama.com\/wp-content\/uploads\/2023\/02\/Geely-2024.jpg 960w, https:\/\/www.voltage-panama.com\/wp-content\/uploads\/2023\/02\/Geely-2024-300x188.jpg 300w, https:\/\/www.voltage-panama.com\/wp-content\/uploads\/2023\/02\/Geely-2024-768x480.jpg 768w, https:\/\/www.voltage-panama.com\/wp-content\/uploads\/2023\/02\/Geely-2024-600x375.jpg 600w\" sizes=\"(max-width: 960px) 100vw, 960px\" \/>\t\t\t<\/a>\n\t\t\t<\/div>\n\t\t<\/div>\n\t\t<div class=\"qodef-e-content\">\n\t\t\t<div class=\"qodef-e-text\">\n\t\t\t\t<h5 itemprop=\"name\" class=\"qodef-e-title entry-title\" >\n\t<a itemprop=\"url\" class=\"qodef-e-title-link\" href=\"https:\/\/www.voltage-panama.com\/en\/portfolio-item\/bahia-motors\/\" target=\"_self\">\n\t\tBahia Motors <mark>&#8211; Geely<\/mark>\t<\/a>\n<\/h5>\n\t\t\t<\/div>\n\t\t\t<div class=\"qodef-e-bottom-holder\">\n\t\t\t\t<div class=\"qodef-e-info\">\n\t\t\t\t\t\t<a href=\"https:\/\/www.voltage-panama.com\/en\/portfolio-category\/portafolio\/\" rel=\"tag\">Portafolio<\/a>\t<div class=\"qodef-info-separator-end\"><\/div>\n\t\t\t\t<\/div>\n\t\t\t<\/div>\n\t\t<\/div>\n\t\t<a itemprop=\"url\" class=\"qodef-e-post-link\" href=\"https:\/\/www.voltage-panama.com\/en\/portfolio-item\/bahia-motors\/\" target=\"_self\"><\/a>\n\t<\/div>\n<\/article>\n<article class=\"qodef-e qodef-grid-item qodef-item--full post-116 portfolio-item type-portfolio-item status-publish has-post-thumbnail hentry portfolio-category-portafolio\">\n\t<div class=\"qodef-e-inner\" >\n\t\t<div class=\"qodef-e-media\">\n\t\t\t\t<div class=\"qodef-e-media-image\">\n\t\t\t\t\t\t\t<a itemprop=\"url\" href=\"https:\/\/www.voltage-panama.com\/en\/portfolio-item\/super99\/\" target=\"_self\">\n\t\t\t\t<img decoding=\"async\" width=\"960\" height=\"600\" src=\"https:\/\/www.voltage-panama.com\/wp-content\/uploads\/2023\/03\/Sabrosita2024.jpg\" class=\"attachment-full size-full wp-post-image\" alt=\"\" srcset=\"https:\/\/www.voltage-panama.com\/wp-content\/uploads\/2023\/03\/Sabrosita2024.jpg 960w, https:\/\/www.voltage-panama.com\/wp-content\/uploads\/2023\/03\/Sabrosita2024-300x188.jpg 300w, https:\/\/www.voltage-panama.com\/wp-content\/uploads\/2023\/03\/Sabrosita2024-768x480.jpg 768w, https:\/\/www.voltage-panama.com\/wp-content\/uploads\/2023\/03\/Sabrosita2024-600x375.jpg 600w\" sizes=\"(max-width: 960px) 100vw, 960px\" \/>\t\t\t<\/a>\n\t\t\t<\/div>\n\t\t<\/div>\n\t\t<div class=\"qodef-e-content\">\n\t\t\t<div class=\"qodef-e-text\">\n\t\t\t\t<h5 itemprop=\"name\" class=\"qodef-e-title entry-title\" >\n\t<a itemprop=\"url\" class=\"qodef-e-title-link\" href=\"https:\/\/www.voltage-panama.com\/en\/portfolio-item\/super99\/\" target=\"_self\">\n\t\tSuper99 <mark>La Sabrosita<\/mark>\t<\/a>\n<\/h5>\n\t\t\t<\/div>\n\t\t\t<div class=\"qodef-e-bottom-holder\">\n\t\t\t\t<div class=\"qodef-e-info\">\n\t\t\t\t\t\t<a href=\"https:\/\/www.voltage-panama.com\/en\/portfolio-category\/portafolio\/\" rel=\"tag\">Portafolio<\/a>\t<div class=\"qodef-info-separator-end\"><\/div>\n\t\t\t\t<\/div>\n\t\t\t<\/div>\n\t\t<\/div>\n\t\t<a itemprop=\"url\" class=\"qodef-e-post-link\" href=\"https:\/\/www.voltage-panama.com\/en\/portfolio-item\/super99\/\" target=\"_self\"><\/a>\n\t<\/div>\n<\/article>\n<article class=\"qodef-e qodef-grid-item qodef-item--full post-133 portfolio-item type-portfolio-item status-publish has-post-thumbnail hentry portfolio-category-portafolio\">\n\t<div class=\"qodef-e-inner\" >\n\t\t<div class=\"qodef-e-media\">\n\t\t\t\t<div class=\"qodef-e-media-image\">\n\t\t\t\t\t\t\t<a itemprop=\"url\" href=\"https:\/\/www.voltage-panama.com\/en\/portfolio-item\/wohninvest\/\" target=\"_self\">\n\t\t\t\t<img loading=\"lazy\" decoding=\"async\" width=\"960\" height=\"600\" src=\"https:\/\/www.voltage-panama.com\/wp-content\/uploads\/2023\/02\/wohninvest-thumb.jpg\" class=\"attachment-full size-full wp-post-image\" alt=\"\" srcset=\"https:\/\/www.voltage-panama.com\/wp-content\/uploads\/2023\/02\/wohninvest-thumb.jpg 960w, https:\/\/www.voltage-panama.com\/wp-content\/uploads\/2023\/02\/wohninvest-thumb-300x188.jpg 300w, https:\/\/www.voltage-panama.com\/wp-content\/uploads\/2023\/02\/wohninvest-thumb-768x480.jpg 768w, https:\/\/www.voltage-panama.com\/wp-content\/uploads\/2023\/02\/wohninvest-thumb-600x375.jpg 600w\" sizes=\"(max-width: 960px) 100vw, 960px\" \/>\t\t\t<\/a>\n\t\t\t<\/div>\n\t\t<\/div>\n\t\t<div class=\"qodef-e-content\">\n\t\t\t<div class=\"qodef-e-text\">\n\t\t\t\t<h5 itemprop=\"name\" class=\"qodef-e-title entry-title\" >\n\t<a itemprop=\"url\" class=\"qodef-e-title-link\" href=\"https:\/\/www.voltage-panama.com\/en\/portfolio-item\/wohninvest\/\" target=\"_self\">\n\t\tWohninvest  <mark>&#8211; End of Decadence<\/mark>\t<\/a>\n<\/h5>\n\t\t\t<\/div>\n\t\t\t<div class=\"qodef-e-bottom-holder\">\n\t\t\t\t<div class=\"qodef-e-info\">\n\t\t\t\t\t\t<a href=\"https:\/\/www.voltage-panama.com\/en\/portfolio-category\/portafolio\/\" rel=\"tag\">Portafolio<\/a>\t<div class=\"qodef-info-separator-end\"><\/div>\n\t\t\t\t<\/div>\n\t\t\t<\/div>\n\t\t<\/div>\n\t\t<a itemprop=\"url\" class=\"qodef-e-post-link\" href=\"https:\/\/www.voltage-panama.com\/en\/portfolio-item\/wohninvest\/\" target=\"_self\"><\/a>\n\t<\/div>\n<\/article>\n<article class=\"qodef-e qodef-grid-item qodef-item--full post-652 portfolio-item type-portfolio-item status-publish has-post-thumbnail hentry portfolio-category-portafolio\">\n\t<div class=\"qodef-e-inner\" >\n\t\t<div class=\"qodef-e-media\">\n\t\t\t\t<div class=\"qodef-e-media-image\">\n\t\t\t\t\t\t\t<a itemprop=\"url\" href=\"https:\/\/www.voltage-panama.com\/en\/portfolio-item\/nivea-sun\/\" target=\"_self\">\n\t\t\t\t<img loading=\"lazy\" decoding=\"async\" width=\"960\" height=\"600\" src=\"https:\/\/www.voltage-panama.com\/wp-content\/uploads\/2023\/02\/NiveaSun-Frontimage.jpg\" class=\"attachment-full size-full wp-post-image\" alt=\"\" srcset=\"https:\/\/www.voltage-panama.com\/wp-content\/uploads\/2023\/02\/NiveaSun-Frontimage.jpg 960w, https:\/\/www.voltage-panama.com\/wp-content\/uploads\/2023\/02\/NiveaSun-Frontimage-300x188.jpg 300w, https:\/\/www.voltage-panama.com\/wp-content\/uploads\/2023\/02\/NiveaSun-Frontimage-768x480.jpg 768w, https:\/\/www.voltage-panama.com\/wp-content\/uploads\/2023\/02\/NiveaSun-Frontimage-600x375.jpg 600w\" sizes=\"(max-width: 960px) 100vw, 960px\" \/>\t\t\t<\/a>\n\t\t\t<\/div>\n\t\t<\/div>\n\t\t<div class=\"qodef-e-content\">\n\t\t\t<div class=\"qodef-e-text\">\n\t\t\t\t<h5 itemprop=\"name\" class=\"qodef-e-title entry-title\" >\n\t<a itemprop=\"url\" class=\"qodef-e-title-link\" href=\"https:\/\/www.voltage-panama.com\/en\/portfolio-item\/nivea-sun\/\" target=\"_self\">\n\t\tNivea Sun <mark>&#8211; Sensitive Allergy Spray<\/mark>\t<\/a>\n<\/h5>\n\t\t\t<\/div>\n\t\t\t<div class=\"qodef-e-bottom-holder\">\n\t\t\t\t<div class=\"qodef-e-info\">\n\t\t\t\t\t\t<a href=\"https:\/\/www.voltage-panama.com\/en\/portfolio-category\/portafolio\/\" rel=\"tag\">Portafolio<\/a>\t<div class=\"qodef-info-separator-end\"><\/div>\n\t\t\t\t<\/div>\n\t\t\t<\/div>\n\t\t<\/div>\n\t\t<a itemprop=\"url\" class=\"qodef-e-post-link\" href=\"https:\/\/www.voltage-panama.com\/en\/portfolio-item\/nivea-sun\/\" target=\"_self\"><\/a>\n\t<\/div>\n<\/article>\n<article class=\"qodef-e qodef-grid-item qodef-item--full post-667 portfolio-item type-portfolio-item status-publish has-post-thumbnail hentry portfolio-category-portafolio\">\n\t<div class=\"qodef-e-inner\" >\n\t\t<div class=\"qodef-e-media\">\n\t\t\t\t<div class=\"qodef-e-media-image\">\n\t\t\t\t\t\t\t<a itemprop=\"url\" href=\"https:\/\/www.voltage-panama.com\/en\/portfolio-item\/corona-lime\/\" target=\"_self\">\n\t\t\t\t<img loading=\"lazy\" decoding=\"async\" width=\"960\" height=\"600\" src=\"https:\/\/www.voltage-panama.com\/wp-content\/uploads\/2023\/03\/Corona2-960x600-1.jpg\" class=\"attachment-full size-full wp-post-image\" alt=\"\" srcset=\"https:\/\/www.voltage-panama.com\/wp-content\/uploads\/2023\/03\/Corona2-960x600-1.jpg 960w, https:\/\/www.voltage-panama.com\/wp-content\/uploads\/2023\/03\/Corona2-960x600-1-300x188.jpg 300w, https:\/\/www.voltage-panama.com\/wp-content\/uploads\/2023\/03\/Corona2-960x600-1-768x480.jpg 768w, https:\/\/www.voltage-panama.com\/wp-content\/uploads\/2023\/03\/Corona2-960x600-1-600x375.jpg 600w\" sizes=\"(max-width: 960px) 100vw, 960px\" \/>\t\t\t<\/a>\n\t\t\t<\/div>\n\t\t<\/div>\n\t\t<div class=\"qodef-e-content\">\n\t\t\t<div class=\"qodef-e-text\">\n\t\t\t\t<h5 itemprop=\"name\" class=\"qodef-e-title entry-title\" >\n\t<a itemprop=\"url\" class=\"qodef-e-title-link\" href=\"https:\/\/www.voltage-panama.com\/en\/portfolio-item\/corona-lime\/\" target=\"_self\">\n\t\tCorona &#8211; Lime Ritual\t<\/a>\n<\/h5>\n\t\t\t<\/div>\n\t\t\t<div class=\"qodef-e-bottom-holder\">\n\t\t\t\t<div class=\"qodef-e-info\">\n\t\t\t\t\t\t<a href=\"https:\/\/www.voltage-panama.com\/en\/portfolio-category\/portafolio\/\" rel=\"tag\">Portafolio<\/a>\t<div class=\"qodef-info-separator-end\"><\/div>\n\t\t\t\t<\/div>\n\t\t\t<\/div>\n\t\t<\/div>\n\t\t<a itemprop=\"url\" class=\"qodef-e-post-link\" href=\"https:\/\/www.voltage-panama.com\/en\/portfolio-item\/corona-lime\/\" target=\"_self\"><\/a>\n\t<\/div>\n<\/article>\n<article class=\"qodef-e qodef-grid-item qodef-item--full post-49 portfolio-item type-portfolio-item status-publish has-post-thumbnail hentry portfolio-category-portafolio\">\n\t<div class=\"qodef-e-inner\" >\n\t\t<div class=\"qodef-e-media\">\n\t\t\t\t<div class=\"qodef-e-media-image\">\n\t\t\t\t\t\t\t<a itemprop=\"url\" href=\"https:\/\/www.voltage-panama.com\/en\/portfolio-item\/arrocha\/\" target=\"_self\">\n\t\t\t\t<img loading=\"lazy\" decoding=\"async\" width=\"960\" height=\"600\" src=\"https:\/\/www.voltage-panama.com\/wp-content\/uploads\/2023\/02\/Screen-Shot-2023-05-03-at-1.29.36-PM.png\" class=\"attachment-full size-full wp-post-image\" alt=\"\" srcset=\"https:\/\/www.voltage-panama.com\/wp-content\/uploads\/2023\/02\/Screen-Shot-2023-05-03-at-1.29.36-PM.png 960w, https:\/\/www.voltage-panama.com\/wp-content\/uploads\/2023\/02\/Screen-Shot-2023-05-03-at-1.29.36-PM-300x188.png 300w, https:\/\/www.voltage-panama.com\/wp-content\/uploads\/2023\/02\/Screen-Shot-2023-05-03-at-1.29.36-PM-768x480.png 768w, https:\/\/www.voltage-panama.com\/wp-content\/uploads\/2023\/02\/Screen-Shot-2023-05-03-at-1.29.36-PM-600x375.png 600w\" sizes=\"(max-width: 960px) 100vw, 960px\" \/>\t\t\t<\/a>\n\t\t\t<\/div>\n\t\t<\/div>\n\t\t<div class=\"qodef-e-content\">\n\t\t\t<div class=\"qodef-e-text\">\n\t\t\t\t<h5 itemprop=\"name\" class=\"qodef-e-title entry-title\" >\n\t<a itemprop=\"url\" class=\"qodef-e-title-link\" href=\"https:\/\/www.voltage-panama.com\/en\/portfolio-item\/arrocha\/\" target=\"_self\">\n\t\tArrocha &#8211; Tributo a tu belleza\t<\/a>\n<\/h5>\n\t\t\t<\/div>\n\t\t\t<div class=\"qodef-e-bottom-holder\">\n\t\t\t\t<div class=\"qodef-e-info\">\n\t\t\t\t\t\t<a href=\"https:\/\/www.voltage-panama.com\/en\/portfolio-category\/portafolio\/\" rel=\"tag\">Portafolio<\/a>\t<div class=\"qodef-info-separator-end\"><\/div>\n\t\t\t\t<\/div>\n\t\t\t<\/div>\n\t\t<\/div>\n\t\t<a itemprop=\"url\" class=\"qodef-e-post-link\" href=\"https:\/\/www.voltage-panama.com\/en\/portfolio-item\/arrocha\/\" target=\"_self\"><\/a>\n\t<\/div>\n<\/article>\n<article class=\"qodef-e qodef-grid-item qodef-item--full post-1120 portfolio-item type-portfolio-item status-publish has-post-thumbnail hentry portfolio-category-portafolio\">\n\t<div class=\"qodef-e-inner\" >\n\t\t<div class=\"qodef-e-media\">\n\t\t\t\t<div class=\"qodef-e-media-image\">\n\t\t\t\t\t\t\t<a itemprop=\"url\" href=\"https:\/\/www.voltage-panama.com\/en\/portfolio-item\/instagames\/\" target=\"_self\">\n\t\t\t\t<img loading=\"lazy\" decoding=\"async\" width=\"960\" height=\"600\" src=\"https:\/\/www.voltage-panama.com\/wp-content\/uploads\/2023\/03\/Instagames3.jpg\" class=\"attachment-full size-full wp-post-image\" alt=\"\" srcset=\"https:\/\/www.voltage-panama.com\/wp-content\/uploads\/2023\/03\/Instagames3.jpg 960w, https:\/\/www.voltage-panama.com\/wp-content\/uploads\/2023\/03\/Instagames3-300x188.jpg 300w, https:\/\/www.voltage-panama.com\/wp-content\/uploads\/2023\/03\/Instagames3-768x480.jpg 768w, https:\/\/www.voltage-panama.com\/wp-content\/uploads\/2023\/03\/Instagames3-600x375.jpg 600w\" sizes=\"(max-width: 960px) 100vw, 960px\" \/>\t\t\t<\/a>\n\t\t\t<\/div>\n\t\t<\/div>\n\t\t<div class=\"qodef-e-content\">\n\t\t\t<div class=\"qodef-e-text\">\n\t\t\t\t<h5 itemprop=\"name\" class=\"qodef-e-title entry-title\" >\n\t<a itemprop=\"url\" class=\"qodef-e-title-link\" href=\"https:\/\/www.voltage-panama.com\/en\/portfolio-item\/instagames\/\" target=\"_self\">\n\t\tInstagames &#8211; Cuando Raspas todo es posible\t<\/a>\n<\/h5>\n\t\t\t<\/div>\n\t\t\t<div class=\"qodef-e-bottom-holder\">\n\t\t\t\t<div class=\"qodef-e-info\">\n\t\t\t\t\t\t<a href=\"https:\/\/www.voltage-panama.com\/en\/portfolio-category\/portafolio\/\" rel=\"tag\">Portafolio<\/a>\t<div class=\"qodef-info-separator-end\"><\/div>\n\t\t\t\t<\/div>\n\t\t\t<\/div>\n\t\t<\/div>\n\t\t<a itemprop=\"url\" class=\"qodef-e-post-link\" href=\"https:\/\/www.voltage-panama.com\/en\/portfolio-item\/instagames\/\" target=\"_self\"><\/a>\n\t<\/div>\n<\/article>\n<article class=\"qodef-e qodef-grid-item qodef-item--full post-1158 portfolio-item type-portfolio-item status-publish has-post-thumbnail hentry portfolio-category-portafolio\">\n\t<div class=\"qodef-e-inner\" >\n\t\t<div class=\"qodef-e-media\">\n\t\t\t\t<div class=\"qodef-e-media-image\">\n\t\t\t\t\t\t\t<a itemprop=\"url\" href=\"https:\/\/www.voltage-panama.com\/en\/portfolio-item\/estrella-azul\/\" target=\"_self\">\n\t\t\t\t<img loading=\"lazy\" decoding=\"async\" width=\"960\" height=\"600\" src=\"https:\/\/www.voltage-panama.com\/wp-content\/uploads\/2023\/02\/EA-Leche-con-Style.jpg\" class=\"attachment-full size-full wp-post-image\" alt=\"\" srcset=\"https:\/\/www.voltage-panama.com\/wp-content\/uploads\/2023\/02\/EA-Leche-con-Style.jpg 960w, https:\/\/www.voltage-panama.com\/wp-content\/uploads\/2023\/02\/EA-Leche-con-Style-300x188.jpg 300w, https:\/\/www.voltage-panama.com\/wp-content\/uploads\/2023\/02\/EA-Leche-con-Style-768x480.jpg 768w, https:\/\/www.voltage-panama.com\/wp-content\/uploads\/2023\/02\/EA-Leche-con-Style-600x375.jpg 600w\" sizes=\"(max-width: 960px) 100vw, 960px\" \/>\t\t\t<\/a>\n\t\t\t<\/div>\n\t\t<\/div>\n\t\t<div class=\"qodef-e-content\">\n\t\t\t<div class=\"qodef-e-text\">\n\t\t\t\t<h5 itemprop=\"name\" class=\"qodef-e-title entry-title\" >\n\t<a itemprop=\"url\" class=\"qodef-e-title-link\" href=\"https:\/\/www.voltage-panama.com\/en\/portfolio-item\/estrella-azul\/\" target=\"_self\">\n\t\tEstrella Azul &#8211; Leche con Style\t<\/a>\n<\/h5>\n\t\t\t<\/div>\n\t\t\t<div class=\"qodef-e-bottom-holder\">\n\t\t\t\t<div class=\"qodef-e-info\">\n\t\t\t\t\t\t<a href=\"https:\/\/www.voltage-panama.com\/en\/portfolio-category\/portafolio\/\" rel=\"tag\">Portafolio<\/a>\t<div class=\"qodef-info-separator-end\"><\/div>\n\t\t\t\t<\/div>\n\t\t\t<\/div>\n\t\t<\/div>\n\t\t<a itemprop=\"url\" class=\"qodef-e-post-link\" href=\"https:\/\/www.voltage-panama.com\/en\/portfolio-item\/estrella-azul\/\" target=\"_self\"><\/a>\n\t<\/div>\n<\/article>\n\t<\/div>\n\t<\/div>\n\t\t<\/div>\n\t\t\t\t<\/div>\n\t\t\t\t\t<\/div>\n\t\t<\/div>\n\t\t\t\t\t<\/div>\n\t\t<\/section>\n\t\t\t\t<\/div>","protected":false},"excerpt":{"rendered":"<p>Trabajo A nivel de producci\u00f3n, Panam\u00e1 es todav\u00eda el secreto mejor guardado del mundo del cine. Todo tipo de filmaciones se han hecho aqu\u00ed de forma exitosa, con equipo y crews locales eficientes. Otros pa\u00edses m\u00e1s grandes de la regi\u00f3n a veces no pueden competir con nosotros en materia de costos y accesibilidad. Estas son [&hellip;]<\/p>","protected":false},"author":1,"featured_media":0,"parent":0,"menu_order":0,"comment_status":"closed","ping_status":"closed","template":"page-full-width.php","meta":{"_joinchat":[],"footnotes":""},"class_list":["post-131","page","type-page","status-publish","hentry"],"_links":{"self":[{"href":"https:\/\/www.voltage-panama.com\/en\/wp-json\/wp\/v2\/pages\/131","targetHints":{"allow":["GET"]}}],"collection":[{"href":"https:\/\/www.voltage-panama.com\/en\/wp-json\/wp\/v2\/pages"}],"about":[{"href":"https:\/\/www.voltage-panama.com\/en\/wp-json\/wp\/v2\/types\/page"}],"author":[{"embeddable":true,"href":"https:\/\/www.voltage-panama.com\/en\/wp-json\/wp\/v2\/users\/1"}],"replies":[{"embeddable":true,"href":"https:\/\/www.voltage-panama.com\/en\/wp-json\/wp\/v2\/comments?post=131"}],"version-history":[{"count":10,"href":"https:\/\/www.voltage-panama.com\/en\/wp-json\/wp\/v2\/pages\/131\/revisions"}],"predecessor-version":[{"id":7397,"href":"https:\/\/www.voltage-panama.com\/en\/wp-json\/wp\/v2\/pages\/131\/revisions\/7397"}],"wp:attachment":[{"href":"https:\/\/www.voltage-panama.com\/en\/wp-json\/wp\/v2\/media?parent=131"}],"curies":[{"name":"wp","href":"https:\/\/api.w.org\/{rel}","templated":true}]}}